{"id":1301,"date":"2022-10-13T20:09:19","date_gmt":"2022-10-14T01:09:19","guid":{"rendered":"https:\/\/fsgctopeka.wpengine.com\/prevencion-de-crisis-y-suicidio\/"},"modified":"2024-07-01T17:35:56","modified_gmt":"2024-07-01T22:35:56","slug":"prevencion-de-crisis-y-suicidio","status":"publish","type":"page","link":"https:\/\/www.fsgctopeka.com\/es\/prevencion-de-crisis-y-suicidio\/","title":{"rendered":"Prevenci\u00f3n de crisis y suicidio"},"content":{"rendered":"","protected":false},"excerpt":{"rendered":"","protected":false},"author":1,"featured_media":0,"parent":0,"menu_order":58,"comment_status":"closed","ping_status":"closed","template":"","meta":{"_acf_changed":false,"footnotes":""},"class_list":["post-1301","page","type-page","status-publish","hentry"],"acf":[],"yoast_head":"<!-- This site is optimized with the Yoast SEO plugin v25.5 - https:\/\/yoast.com\/wordpress\/plugins\/seo\/ -->\n<title>Prevenci\u00f3n de crisis y suicidio en Topeka | FSGC Topeka<\/title>\n<meta name=\"description\" content=\"Entendemos lo dif\u00edcil que puede ser la vida. FSGC Topeka ofrece una variedad de ayuda para la prevenci\u00f3n del suicidio en Topeka para mantener seguras a las personas y las familias.\" \/>\n<meta name=\"robots\" content=\"index, follow, max-snippet:-1, max-image-preview:large, max-video-preview:-1\" \/>\n<link rel=\"canonical\" href=\"https:\/\/www.fsgctopeka.com\/es\/prevencion-de-crisis-y-suicidio\/\" \/>\n<meta property=\"og:locale\" content=\"es_ES\" \/>\n<meta property=\"og:type\" content=\"article\" \/>\n<meta property=\"og:title\" content=\"Prevenci\u00f3n de crisis y suicidio en Topeka | FSGC Topeka\" \/>\n<meta property=\"og:description\" content=\"Entendemos lo dif\u00edcil que puede ser la vida. FSGC Topeka ofrece una variedad de ayuda para la prevenci\u00f3n del suicidio en Topeka para mantener seguras a las personas y las familias.\" \/>\n<meta property=\"og:url\" content=\"https:\/\/www.fsgctopeka.com\/es\/prevencion-de-crisis-y-suicidio\/\" \/>\n<meta property=\"og:site_name\" content=\"FSGC Topeka\" \/>\n<meta property=\"article:modified_time\" content=\"2024-07-01T22:35:56+00:00\" \/>\n<meta name=\"twitter:card\" content=\"summary_large_image\" \/>\n<script type=\"application\/ld+json\" class=\"yoast-schema-graph\">{\"@context\":\"https:\/\/schema.org\",\"@graph\":[{\"@type\":\"WebPage\",\"@id\":\"https:\/\/www.fsgctopeka.com\/es\/prevencion-de-crisis-y-suicidio\/\",\"url\":\"https:\/\/www.fsgctopeka.com\/es\/prevencion-de-crisis-y-suicidio\/\",\"name\":\"Prevenci\u00f3n de crisis y suicidio en Topeka | FSGC Topeka\",\"isPartOf\":{\"@id\":\"https:\/\/www.fsgctopeka.com\/es\/#website\"},\"datePublished\":\"2022-10-14T01:09:19+00:00\",\"dateModified\":\"2024-07-01T22:35:56+00:00\",\"description\":\"Entendemos lo dif\u00edcil que puede ser la vida. FSGC Topeka ofrece una variedad de ayuda para la prevenci\u00f3n del suicidio en Topeka para mantener seguras a las personas y las familias.\",\"breadcrumb\":{\"@id\":\"https:\/\/www.fsgctopeka.com\/es\/prevencion-de-crisis-y-suicidio\/#breadcrumb\"},\"inLanguage\":\"es\",\"potentialAction\":[{\"@type\":\"ReadAction\",\"target\":[\"https:\/\/www.fsgctopeka.com\/es\/prevencion-de-crisis-y-suicidio\/\"]}]},{\"@type\":\"BreadcrumbList\",\"@id\":\"https:\/\/www.fsgctopeka.com\/es\/prevencion-de-crisis-y-suicidio\/#breadcrumb\",\"itemListElement\":[{\"@type\":\"ListItem\",\"position\":1,\"name\":\"Home\",\"item\":\"https:\/\/www.fsgctopeka.com\/es\/inicio-2\/\"},{\"@type\":\"ListItem\",\"position\":2,\"name\":\"Prevenci\u00f3n de crisis y suicidio\"}]},{\"@type\":\"WebSite\",\"@id\":\"https:\/\/www.fsgctopeka.com\/es\/#website\",\"url\":\"https:\/\/www.fsgctopeka.com\/es\/\",\"name\":\"FSGC Topeka\",\"description\":\"Child Counseling in Topeka\",\"potentialAction\":[{\"@type\":\"SearchAction\",\"target\":{\"@type\":\"EntryPoint\",\"urlTemplate\":\"https:\/\/www.fsgctopeka.com\/es\/?s={search_term_string}\"},\"query-input\":{\"@type\":\"PropertyValueSpecification\",\"valueRequired\":true,\"valueName\":\"search_term_string\"}}],\"inLanguage\":\"es\"}]}<\/script>\n<!-- \/ Yoast SEO plugin. -->","yoast_head_json":{"title":"Prevenci\u00f3n de crisis y suicidio en Topeka | FSGC Topeka","description":"Entendemos lo dif\u00edcil que puede ser la vida. FSGC Topeka ofrece una variedad de ayuda para la prevenci\u00f3n del suicidio en Topeka para mantener seguras a las personas y las familias.","robots":{"index":"index","follow":"follow","max-snippet":"max-snippet:-1","max-image-preview":"max-image-preview:large","max-video-preview":"max-video-preview:-1"},"canonical":"https:\/\/www.fsgctopeka.com\/es\/prevencion-de-crisis-y-suicidio\/","og_locale":"es_ES","og_type":"article","og_title":"Prevenci\u00f3n de crisis y suicidio en Topeka | FSGC Topeka","og_description":"Entendemos lo dif\u00edcil que puede ser la vida. FSGC Topeka ofrece una variedad de ayuda para la prevenci\u00f3n del suicidio en Topeka para mantener seguras a las personas y las familias.","og_url":"https:\/\/www.fsgctopeka.com\/es\/prevencion-de-crisis-y-suicidio\/","og_site_name":"FSGC Topeka","article_modified_time":"2024-07-01T22:35:56+00:00","twitter_card":"summary_large_image","schema":{"@context":"https:\/\/schema.org","@graph":[{"@type":"WebPage","@id":"https:\/\/www.fsgctopeka.com\/es\/prevencion-de-crisis-y-suicidio\/","url":"https:\/\/www.fsgctopeka.com\/es\/prevencion-de-crisis-y-suicidio\/","name":"Prevenci\u00f3n de crisis y suicidio en Topeka | FSGC Topeka","isPartOf":{"@id":"https:\/\/www.fsgctopeka.com\/es\/#website"},"datePublished":"2022-10-14T01:09:19+00:00","dateModified":"2024-07-01T22:35:56+00:00","description":"Entendemos lo dif\u00edcil que puede ser la vida. FSGC Topeka ofrece una variedad de ayuda para la prevenci\u00f3n del suicidio en Topeka para mantener seguras a las personas y las familias.","breadcrumb":{"@id":"https:\/\/www.fsgctopeka.com\/es\/prevencion-de-crisis-y-suicidio\/#breadcrumb"},"inLanguage":"es","potentialAction":[{"@type":"ReadAction","target":["https:\/\/www.fsgctopeka.com\/es\/prevencion-de-crisis-y-suicidio\/"]}]},{"@type":"BreadcrumbList","@id":"https:\/\/www.fsgctopeka.com\/es\/prevencion-de-crisis-y-suicidio\/#breadcrumb","itemListElement":[{"@type":"ListItem","position":1,"name":"Home","item":"https:\/\/www.fsgctopeka.com\/es\/inicio-2\/"},{"@type":"ListItem","position":2,"name":"Prevenci\u00f3n de crisis y suicidio"}]},{"@type":"WebSite","@id":"https:\/\/www.fsgctopeka.com\/es\/#website","url":"https:\/\/www.fsgctopeka.com\/es\/","name":"FSGC Topeka","description":"Child Counseling in Topeka","potentialAction":[{"@type":"SearchAction","target":{"@type":"EntryPoint","urlTemplate":"https:\/\/www.fsgctopeka.com\/es\/?s={search_term_string}"},"query-input":{"@type":"PropertyValueSpecification","valueRequired":true,"valueName":"search_term_string"}}],"inLanguage":"es"}]}},"_links":{"self":[{"href":"https:\/\/www.fsgctopeka.com\/es\/wp-json\/wp\/v2\/pages\/1301","targetHints":{"allow":["GET"]}}],"collection":[{"href":"https:\/\/www.fsgctopeka.com\/es\/wp-json\/wp\/v2\/pages"}],"about":[{"href":"https:\/\/www.fsgctopeka.com\/es\/wp-json\/wp\/v2\/types\/page"}],"author":[{"embeddable":true,"href":"https:\/\/www.fsgctopeka.com\/es\/wp-json\/wp\/v2\/users\/1"}],"replies":[{"embeddable":true,"href":"https:\/\/www.fsgctopeka.com\/es\/wp-json\/wp\/v2\/comments?post=1301"}],"version-history":[{"count":0,"href":"https:\/\/www.fsgctopeka.com\/es\/wp-json\/wp\/v2\/pages\/1301\/revisions"}],"wp:attachment":[{"href":"https:\/\/www.fsgctopeka.com\/es\/wp-json\/wp\/v2\/media?parent=1301"}],"curies":[{"name":"wp","href":"https:\/\/api.w.org\/{rel}","templated":true}]}}