{"id":1325,"date":"2022-10-18T16:56:15","date_gmt":"2022-10-18T16:56:15","guid":{"rendered":"https:\/\/fsgctopeka.wpengine.com\/seguro\/"},"modified":"2026-02-23T08:53:00","modified_gmt":"2026-02-23T14:53:00","slug":"seguro","status":"publish","type":"page","link":"https:\/\/www.fsgctopeka.com\/es\/seguro\/","title":{"rendered":"Seguro"},"content":{"rendered":"","protected":false},"excerpt":{"rendered":"","protected":false},"author":1,"featured_media":0,"parent":0,"menu_order":82,"comment_status":"closed","ping_status":"closed","template":"","meta":{"_acf_changed":false,"footnotes":""},"class_list":["post-1325","page","type-page","status-publish","hentry"],"acf":[],"yoast_head":"<!-- This site is optimized with the Yoast SEO plugin v25.5 - https:\/\/yoast.com\/wordpress\/plugins\/seo\/ -->\n<title>Seguro para el cuidado de la salud mental | FSGC Topeka<\/title>\n<meta name=\"description\" content=\"El equipo de FSGC entiende que la situaci\u00f3n de cada familia es \u00fanica. Obtenga m\u00e1s informaci\u00f3n sobre las opciones de seguro para la atenci\u00f3n de la salud mental.\" \/>\n<meta name=\"robots\" content=\"noindex, follow, max-snippet:-1, max-image-preview:large, max-video-preview:-1\" \/>\n<meta property=\"og:locale\" content=\"es_ES\" \/>\n<meta property=\"og:type\" content=\"article\" \/>\n<meta property=\"og:title\" content=\"Seguro para el cuidado de la salud mental | FSGC Topeka\" \/>\n<meta property=\"og:description\" content=\"El equipo de FSGC entiende que la situaci\u00f3n de cada familia es \u00fanica. Obtenga m\u00e1s informaci\u00f3n sobre las opciones de seguro para la atenci\u00f3n de la salud mental.\" \/>\n<meta property=\"og:url\" content=\"https:\/\/www.fsgctopeka.com\/es\/seguro\/\" \/>\n<meta property=\"og:site_name\" content=\"FSGC Topeka\" \/>\n<meta property=\"article:modified_time\" content=\"2026-02-23T14:53:00+00:00\" \/>\n<meta name=\"twitter:card\" content=\"summary_large_image\" \/>\n<script type=\"application\/ld+json\" class=\"yoast-schema-graph\">{\"@context\":\"https:\/\/schema.org\",\"@graph\":[{\"@type\":\"WebPage\",\"@id\":\"https:\/\/www.fsgctopeka.com\/es\/seguro\/\",\"url\":\"https:\/\/www.fsgctopeka.com\/es\/seguro\/\",\"name\":\"Seguro para el cuidado de la salud mental | FSGC Topeka\",\"isPartOf\":{\"@id\":\"https:\/\/www.fsgctopeka.com\/es\/#website\"},\"datePublished\":\"2022-10-18T16:56:15+00:00\",\"dateModified\":\"2026-02-23T14:53:00+00:00\",\"description\":\"El equipo de FSGC entiende que la situaci\u00f3n de cada familia es \u00fanica. Obtenga m\u00e1s informaci\u00f3n sobre las opciones de seguro para la atenci\u00f3n de la salud mental.\",\"breadcrumb\":{\"@id\":\"https:\/\/www.fsgctopeka.com\/es\/seguro\/#breadcrumb\"},\"inLanguage\":\"es\",\"potentialAction\":[{\"@type\":\"ReadAction\",\"target\":[\"https:\/\/www.fsgctopeka.com\/es\/seguro\/\"]}]},{\"@type\":\"BreadcrumbList\",\"@id\":\"https:\/\/www.fsgctopeka.com\/es\/seguro\/#breadcrumb\",\"itemListElement\":[{\"@type\":\"ListItem\",\"position\":1,\"name\":\"Home\",\"item\":\"https:\/\/www.fsgctopeka.com\/es\/inicio-2\/\"},{\"@type\":\"ListItem\",\"position\":2,\"name\":\"Seguro\"}]},{\"@type\":\"WebSite\",\"@id\":\"https:\/\/www.fsgctopeka.com\/es\/#website\",\"url\":\"https:\/\/www.fsgctopeka.com\/es\/\",\"name\":\"FSGC Topeka\",\"description\":\"Child Counseling in Topeka\",\"potentialAction\":[{\"@type\":\"SearchAction\",\"target\":{\"@type\":\"EntryPoint\",\"urlTemplate\":\"https:\/\/www.fsgctopeka.com\/es\/?s={search_term_string}\"},\"query-input\":{\"@type\":\"PropertyValueSpecification\",\"valueRequired\":true,\"valueName\":\"search_term_string\"}}],\"inLanguage\":\"es\"}]}<\/script>\n<!-- \/ Yoast SEO plugin. -->","yoast_head_json":{"title":"Seguro para el cuidado de la salud mental | FSGC Topeka","description":"El equipo de FSGC entiende que la situaci\u00f3n de cada familia es \u00fanica. Obtenga m\u00e1s informaci\u00f3n sobre las opciones de seguro para la atenci\u00f3n de la salud mental.","robots":{"index":"noindex","follow":"follow","max-snippet":"max-snippet:-1","max-image-preview":"max-image-preview:large","max-video-preview":"max-video-preview:-1"},"og_locale":"es_ES","og_type":"article","og_title":"Seguro para el cuidado de la salud mental | FSGC Topeka","og_description":"El equipo de FSGC entiende que la situaci\u00f3n de cada familia es \u00fanica. Obtenga m\u00e1s informaci\u00f3n sobre las opciones de seguro para la atenci\u00f3n de la salud mental.","og_url":"https:\/\/www.fsgctopeka.com\/es\/seguro\/","og_site_name":"FSGC Topeka","article_modified_time":"2026-02-23T14:53:00+00:00","twitter_card":"summary_large_image","schema":{"@context":"https:\/\/schema.org","@graph":[{"@type":"WebPage","@id":"https:\/\/www.fsgctopeka.com\/es\/seguro\/","url":"https:\/\/www.fsgctopeka.com\/es\/seguro\/","name":"Seguro para el cuidado de la salud mental | FSGC Topeka","isPartOf":{"@id":"https:\/\/www.fsgctopeka.com\/es\/#website"},"datePublished":"2022-10-18T16:56:15+00:00","dateModified":"2026-02-23T14:53:00+00:00","description":"El equipo de FSGC entiende que la situaci\u00f3n de cada familia es \u00fanica. Obtenga m\u00e1s informaci\u00f3n sobre las opciones de seguro para la atenci\u00f3n de la salud mental.","breadcrumb":{"@id":"https:\/\/www.fsgctopeka.com\/es\/seguro\/#breadcrumb"},"inLanguage":"es","potentialAction":[{"@type":"ReadAction","target":["https:\/\/www.fsgctopeka.com\/es\/seguro\/"]}]},{"@type":"BreadcrumbList","@id":"https:\/\/www.fsgctopeka.com\/es\/seguro\/#breadcrumb","itemListElement":[{"@type":"ListItem","position":1,"name":"Home","item":"https:\/\/www.fsgctopeka.com\/es\/inicio-2\/"},{"@type":"ListItem","position":2,"name":"Seguro"}]},{"@type":"WebSite","@id":"https:\/\/www.fsgctopeka.com\/es\/#website","url":"https:\/\/www.fsgctopeka.com\/es\/","name":"FSGC Topeka","description":"Child Counseling in Topeka","potentialAction":[{"@type":"SearchAction","target":{"@type":"EntryPoint","urlTemplate":"https:\/\/www.fsgctopeka.com\/es\/?s={search_term_string}"},"query-input":{"@type":"PropertyValueSpecification","valueRequired":true,"valueName":"search_term_string"}}],"inLanguage":"es"}]}},"_links":{"self":[{"href":"https:\/\/www.fsgctopeka.com\/es\/wp-json\/wp\/v2\/pages\/1325","targetHints":{"allow":["GET"]}}],"collection":[{"href":"https:\/\/www.fsgctopeka.com\/es\/wp-json\/wp\/v2\/pages"}],"about":[{"href":"https:\/\/www.fsgctopeka.com\/es\/wp-json\/wp\/v2\/types\/page"}],"author":[{"embeddable":true,"href":"https:\/\/www.fsgctopeka.com\/es\/wp-json\/wp\/v2\/users\/1"}],"replies":[{"embeddable":true,"href":"https:\/\/www.fsgctopeka.com\/es\/wp-json\/wp\/v2\/comments?post=1325"}],"version-history":[{"count":0,"href":"https:\/\/www.fsgctopeka.com\/es\/wp-json\/wp\/v2\/pages\/1325\/revisions"}],"wp:attachment":[{"href":"https:\/\/www.fsgctopeka.com\/es\/wp-json\/wp\/v2\/media?parent=1325"}],"curies":[{"name":"wp","href":"https:\/\/api.w.org\/{rel}","templated":true}]}}