{"id":3375,"date":"2024-12-30T13:55:24","date_gmt":"2024-12-30T19:55:24","guid":{"rendered":"https:\/\/www.fsgctopeka.com\/done-ahora-pruebe\/"},"modified":"2024-12-30T13:55:24","modified_gmt":"2024-12-30T19:55:24","slug":"done-ahora-pruebe","status":"publish","type":"page","link":"https:\/\/www.fsgctopeka.com\/es\/done-ahora-pruebe\/","title":{"rendered":"Done ahora &#8211; Pruebe"},"content":{"rendered":"","protected":false},"excerpt":{"rendered":"","protected":false},"author":4,"featured_media":0,"parent":0,"menu_order":42,"comment_status":"closed","ping_status":"closed","template":"","meta":{"_acf_changed":false,"footnotes":""},"class_list":["post-3375","page","type-page","status-publish","hentry"],"acf":[],"yoast_head":"<!-- This site is optimized with the Yoast SEO plugin v25.5 - https:\/\/yoast.com\/wordpress\/plugins\/seo\/ -->\n<title>Oportunidades de donaci\u00f3n en Topeka | FSGC Topeka<\/title>\n<meta name=\"description\" content=\"\u00bfBusca oportunidades de donaci\u00f3n impactantes en Topeka? Conozca c\u00f3mo donar a FSGC ayuda a las personas con problemas de salud mental y trastornos por uso de sustancias a alcanzar su m\u00e1ximo potencial.\" \/>\n<meta name=\"robots\" content=\"noindex, follow, max-snippet:-1, max-image-preview:large, max-video-preview:-1\" \/>\n<meta property=\"og:locale\" content=\"es_ES\" \/>\n<meta property=\"og:type\" content=\"article\" \/>\n<meta property=\"og:title\" content=\"Oportunidades de donaci\u00f3n en Topeka | FSGC Topeka\" \/>\n<meta property=\"og:description\" content=\"\u00bfBusca oportunidades de donaci\u00f3n impactantes en Topeka? Conozca c\u00f3mo donar a FSGC ayuda a las personas con problemas de salud mental y trastornos por uso de sustancias a alcanzar su m\u00e1ximo potencial.\" \/>\n<meta property=\"og:url\" content=\"https:\/\/www.fsgctopeka.com\/es\/done-ahora-pruebe\/\" \/>\n<meta property=\"og:site_name\" content=\"FSGC Topeka\" \/>\n<meta name=\"twitter:card\" content=\"summary_large_image\" \/>\n<script type=\"application\/ld+json\" class=\"yoast-schema-graph\">{\"@context\":\"https:\/\/schema.org\",\"@graph\":[{\"@type\":\"WebPage\",\"@id\":\"https:\/\/www.fsgctopeka.com\/es\/done-ahora-pruebe\/\",\"url\":\"https:\/\/www.fsgctopeka.com\/es\/done-ahora-pruebe\/\",\"name\":\"Oportunidades de donaci\u00f3n en Topeka | FSGC Topeka\",\"isPartOf\":{\"@id\":\"https:\/\/www.fsgctopeka.com\/es\/#website\"},\"datePublished\":\"2024-12-30T19:55:24+00:00\",\"description\":\"\u00bfBusca oportunidades de donaci\u00f3n impactantes en Topeka? Conozca c\u00f3mo donar a FSGC ayuda a las personas con problemas de salud mental y trastornos por uso de sustancias a alcanzar su m\u00e1ximo potencial.\",\"breadcrumb\":{\"@id\":\"https:\/\/www.fsgctopeka.com\/es\/done-ahora-pruebe\/#breadcrumb\"},\"inLanguage\":\"es\",\"potentialAction\":[{\"@type\":\"ReadAction\",\"target\":[\"https:\/\/www.fsgctopeka.com\/es\/done-ahora-pruebe\/\"]}]},{\"@type\":\"BreadcrumbList\",\"@id\":\"https:\/\/www.fsgctopeka.com\/es\/done-ahora-pruebe\/#breadcrumb\",\"itemListElement\":[{\"@type\":\"ListItem\",\"position\":1,\"name\":\"Home\",\"item\":\"https:\/\/www.fsgctopeka.com\/es\/inicio-2\/\"},{\"@type\":\"ListItem\",\"position\":2,\"name\":\"Done ahora &#8211; Pruebe\"}]},{\"@type\":\"WebSite\",\"@id\":\"https:\/\/www.fsgctopeka.com\/es\/#website\",\"url\":\"https:\/\/www.fsgctopeka.com\/es\/\",\"name\":\"FSGC Topeka\",\"description\":\"Child Counseling in Topeka\",\"potentialAction\":[{\"@type\":\"SearchAction\",\"target\":{\"@type\":\"EntryPoint\",\"urlTemplate\":\"https:\/\/www.fsgctopeka.com\/es\/?s={search_term_string}\"},\"query-input\":{\"@type\":\"PropertyValueSpecification\",\"valueRequired\":true,\"valueName\":\"search_term_string\"}}],\"inLanguage\":\"es\"}]}<\/script>\n<!-- \/ Yoast SEO plugin. -->","yoast_head_json":{"title":"Oportunidades de donaci\u00f3n en Topeka | FSGC Topeka","description":"\u00bfBusca oportunidades de donaci\u00f3n impactantes en Topeka? Conozca c\u00f3mo donar a FSGC ayuda a las personas con problemas de salud mental y trastornos por uso de sustancias a alcanzar su m\u00e1ximo potencial.","robots":{"index":"noindex","follow":"follow","max-snippet":"max-snippet:-1","max-image-preview":"max-image-preview:large","max-video-preview":"max-video-preview:-1"},"og_locale":"es_ES","og_type":"article","og_title":"Oportunidades de donaci\u00f3n en Topeka | FSGC Topeka","og_description":"\u00bfBusca oportunidades de donaci\u00f3n impactantes en Topeka? Conozca c\u00f3mo donar a FSGC ayuda a las personas con problemas de salud mental y trastornos por uso de sustancias a alcanzar su m\u00e1ximo potencial.","og_url":"https:\/\/www.fsgctopeka.com\/es\/done-ahora-pruebe\/","og_site_name":"FSGC Topeka","twitter_card":"summary_large_image","schema":{"@context":"https:\/\/schema.org","@graph":[{"@type":"WebPage","@id":"https:\/\/www.fsgctopeka.com\/es\/done-ahora-pruebe\/","url":"https:\/\/www.fsgctopeka.com\/es\/done-ahora-pruebe\/","name":"Oportunidades de donaci\u00f3n en Topeka | FSGC Topeka","isPartOf":{"@id":"https:\/\/www.fsgctopeka.com\/es\/#website"},"datePublished":"2024-12-30T19:55:24+00:00","description":"\u00bfBusca oportunidades de donaci\u00f3n impactantes en Topeka? Conozca c\u00f3mo donar a FSGC ayuda a las personas con problemas de salud mental y trastornos por uso de sustancias a alcanzar su m\u00e1ximo potencial.","breadcrumb":{"@id":"https:\/\/www.fsgctopeka.com\/es\/done-ahora-pruebe\/#breadcrumb"},"inLanguage":"es","potentialAction":[{"@type":"ReadAction","target":["https:\/\/www.fsgctopeka.com\/es\/done-ahora-pruebe\/"]}]},{"@type":"BreadcrumbList","@id":"https:\/\/www.fsgctopeka.com\/es\/done-ahora-pruebe\/#breadcrumb","itemListElement":[{"@type":"ListItem","position":1,"name":"Home","item":"https:\/\/www.fsgctopeka.com\/es\/inicio-2\/"},{"@type":"ListItem","position":2,"name":"Done ahora &#8211; Pruebe"}]},{"@type":"WebSite","@id":"https:\/\/www.fsgctopeka.com\/es\/#website","url":"https:\/\/www.fsgctopeka.com\/es\/","name":"FSGC Topeka","description":"Child Counseling in Topeka","potentialAction":[{"@type":"SearchAction","target":{"@type":"EntryPoint","urlTemplate":"https:\/\/www.fsgctopeka.com\/es\/?s={search_term_string}"},"query-input":{"@type":"PropertyValueSpecification","valueRequired":true,"valueName":"search_term_string"}}],"inLanguage":"es"}]}},"_links":{"self":[{"href":"https:\/\/www.fsgctopeka.com\/es\/wp-json\/wp\/v2\/pages\/3375","targetHints":{"allow":["GET"]}}],"collection":[{"href":"https:\/\/www.fsgctopeka.com\/es\/wp-json\/wp\/v2\/pages"}],"about":[{"href":"https:\/\/www.fsgctopeka.com\/es\/wp-json\/wp\/v2\/types\/page"}],"author":[{"embeddable":true,"href":"https:\/\/www.fsgctopeka.com\/es\/wp-json\/wp\/v2\/users\/4"}],"replies":[{"embeddable":true,"href":"https:\/\/www.fsgctopeka.com\/es\/wp-json\/wp\/v2\/comments?post=3375"}],"version-history":[{"count":0,"href":"https:\/\/www.fsgctopeka.com\/es\/wp-json\/wp\/v2\/pages\/3375\/revisions"}],"wp:attachment":[{"href":"https:\/\/www.fsgctopeka.com\/es\/wp-json\/wp\/v2\/media?parent=3375"}],"curies":[{"name":"wp","href":"https:\/\/api.w.org\/{rel}","templated":true}]}}