{"id":3387,"date":"2025-02-04T11:15:07","date_gmt":"2025-02-04T17:15:07","guid":{"rendered":"https:\/\/www.fsgctopeka.com\/apoyo-en-fsgc\/"},"modified":"2025-02-04T15:36:37","modified_gmt":"2025-02-04T21:36:37","slug":"apoyo-en-fsgc","status":"publish","type":"page","link":"https:\/\/www.fsgctopeka.com\/es\/apoyo-en-fsgc\/","title":{"rendered":"Apoyo en FSGC"},"content":{"rendered":"","protected":false},"excerpt":{"rendered":"","protected":false},"author":3,"featured_media":0,"parent":0,"menu_order":89,"comment_status":"closed","ping_status":"closed","template":"","meta":{"_acf_changed":false,"footnotes":""},"class_list":["post-3387","page","type-page","status-publish","hentry"],"acf":[],"yoast_head":"<!-- This site is optimized with the Yoast SEO plugin v25.5 - https:\/\/yoast.com\/wordpress\/plugins\/seo\/ -->\n<title>Seguro para | de atenci\u00f3n de salud mental infantil FSGC Topeka<\/title>\n<meta name=\"description\" content=\"El equipo de FSGC entiende que la situaci\u00f3n de cada familia es \u00fanica. Obtenga m\u00e1s informaci\u00f3n sobre las opciones de seguro para la atenci\u00f3n de la salud mental.\" \/>\n<meta name=\"robots\" content=\"index, follow, max-snippet:-1, max-image-preview:large, max-video-preview:-1\" \/>\n<link rel=\"canonical\" href=\"https:\/\/www.fsgctopeka.com\/es\/apoyo-en-fsgc\/\" \/>\n<meta property=\"og:locale\" content=\"es_ES\" \/>\n<meta property=\"og:type\" content=\"article\" \/>\n<meta property=\"og:title\" content=\"Seguro para | de atenci\u00f3n de salud mental infantil FSGC Topeka\" \/>\n<meta property=\"og:description\" content=\"El equipo de FSGC entiende que la situaci\u00f3n de cada familia es \u00fanica. Obtenga m\u00e1s informaci\u00f3n sobre las opciones de seguro para la atenci\u00f3n de la salud mental.\" \/>\n<meta property=\"og:url\" content=\"https:\/\/www.fsgctopeka.com\/es\/apoyo-en-fsgc\/\" \/>\n<meta property=\"og:site_name\" content=\"FSGC Topeka\" \/>\n<meta property=\"article:modified_time\" content=\"2025-02-04T21:36:37+00:00\" \/>\n<meta name=\"twitter:card\" content=\"summary_large_image\" \/>\n<script type=\"application\/ld+json\" class=\"yoast-schema-graph\">{\"@context\":\"https:\/\/schema.org\",\"@graph\":[{\"@type\":\"WebPage\",\"@id\":\"https:\/\/www.fsgctopeka.com\/es\/apoyo-en-fsgc\/\",\"url\":\"https:\/\/www.fsgctopeka.com\/es\/apoyo-en-fsgc\/\",\"name\":\"Seguro para | de atenci\u00f3n de salud mental infantil FSGC Topeka\",\"isPartOf\":{\"@id\":\"https:\/\/www.fsgctopeka.com\/es\/#website\"},\"datePublished\":\"2025-02-04T17:15:07+00:00\",\"dateModified\":\"2025-02-04T21:36:37+00:00\",\"description\":\"El equipo de FSGC entiende que la situaci\u00f3n de cada familia es \u00fanica. Obtenga m\u00e1s informaci\u00f3n sobre las opciones de seguro para la atenci\u00f3n de la salud mental.\",\"breadcrumb\":{\"@id\":\"https:\/\/www.fsgctopeka.com\/es\/apoyo-en-fsgc\/#breadcrumb\"},\"inLanguage\":\"es\",\"potentialAction\":[{\"@type\":\"ReadAction\",\"target\":[\"https:\/\/www.fsgctopeka.com\/es\/apoyo-en-fsgc\/\"]}]},{\"@type\":\"BreadcrumbList\",\"@id\":\"https:\/\/www.fsgctopeka.com\/es\/apoyo-en-fsgc\/#breadcrumb\",\"itemListElement\":[{\"@type\":\"ListItem\",\"position\":1,\"name\":\"Home\",\"item\":\"https:\/\/www.fsgctopeka.com\/es\/inicio-2\/\"},{\"@type\":\"ListItem\",\"position\":2,\"name\":\"Apoyo en FSGC\"}]},{\"@type\":\"WebSite\",\"@id\":\"https:\/\/www.fsgctopeka.com\/es\/#website\",\"url\":\"https:\/\/www.fsgctopeka.com\/es\/\",\"name\":\"FSGC Topeka\",\"description\":\"Child Counseling in Topeka\",\"potentialAction\":[{\"@type\":\"SearchAction\",\"target\":{\"@type\":\"EntryPoint\",\"urlTemplate\":\"https:\/\/www.fsgctopeka.com\/es\/?s={search_term_string}\"},\"query-input\":{\"@type\":\"PropertyValueSpecification\",\"valueRequired\":true,\"valueName\":\"search_term_string\"}}],\"inLanguage\":\"es\"}]}<\/script>\n<!-- \/ Yoast SEO plugin. -->","yoast_head_json":{"title":"Seguro para | de atenci\u00f3n de salud mental infantil FSGC Topeka","description":"El equipo de FSGC entiende que la situaci\u00f3n de cada familia es \u00fanica. Obtenga m\u00e1s informaci\u00f3n sobre las opciones de seguro para la atenci\u00f3n de la salud mental.","robots":{"index":"index","follow":"follow","max-snippet":"max-snippet:-1","max-image-preview":"max-image-preview:large","max-video-preview":"max-video-preview:-1"},"canonical":"https:\/\/www.fsgctopeka.com\/es\/apoyo-en-fsgc\/","og_locale":"es_ES","og_type":"article","og_title":"Seguro para | de atenci\u00f3n de salud mental infantil FSGC Topeka","og_description":"El equipo de FSGC entiende que la situaci\u00f3n de cada familia es \u00fanica. Obtenga m\u00e1s informaci\u00f3n sobre las opciones de seguro para la atenci\u00f3n de la salud mental.","og_url":"https:\/\/www.fsgctopeka.com\/es\/apoyo-en-fsgc\/","og_site_name":"FSGC Topeka","article_modified_time":"2025-02-04T21:36:37+00:00","twitter_card":"summary_large_image","schema":{"@context":"https:\/\/schema.org","@graph":[{"@type":"WebPage","@id":"https:\/\/www.fsgctopeka.com\/es\/apoyo-en-fsgc\/","url":"https:\/\/www.fsgctopeka.com\/es\/apoyo-en-fsgc\/","name":"Seguro para | de atenci\u00f3n de salud mental infantil FSGC Topeka","isPartOf":{"@id":"https:\/\/www.fsgctopeka.com\/es\/#website"},"datePublished":"2025-02-04T17:15:07+00:00","dateModified":"2025-02-04T21:36:37+00:00","description":"El equipo de FSGC entiende que la situaci\u00f3n de cada familia es \u00fanica. Obtenga m\u00e1s informaci\u00f3n sobre las opciones de seguro para la atenci\u00f3n de la salud mental.","breadcrumb":{"@id":"https:\/\/www.fsgctopeka.com\/es\/apoyo-en-fsgc\/#breadcrumb"},"inLanguage":"es","potentialAction":[{"@type":"ReadAction","target":["https:\/\/www.fsgctopeka.com\/es\/apoyo-en-fsgc\/"]}]},{"@type":"BreadcrumbList","@id":"https:\/\/www.fsgctopeka.com\/es\/apoyo-en-fsgc\/#breadcrumb","itemListElement":[{"@type":"ListItem","position":1,"name":"Home","item":"https:\/\/www.fsgctopeka.com\/es\/inicio-2\/"},{"@type":"ListItem","position":2,"name":"Apoyo en FSGC"}]},{"@type":"WebSite","@id":"https:\/\/www.fsgctopeka.com\/es\/#website","url":"https:\/\/www.fsgctopeka.com\/es\/","name":"FSGC Topeka","description":"Child Counseling in Topeka","potentialAction":[{"@type":"SearchAction","target":{"@type":"EntryPoint","urlTemplate":"https:\/\/www.fsgctopeka.com\/es\/?s={search_term_string}"},"query-input":{"@type":"PropertyValueSpecification","valueRequired":true,"valueName":"search_term_string"}}],"inLanguage":"es"}]}},"_links":{"self":[{"href":"https:\/\/www.fsgctopeka.com\/es\/wp-json\/wp\/v2\/pages\/3387","targetHints":{"allow":["GET"]}}],"collection":[{"href":"https:\/\/www.fsgctopeka.com\/es\/wp-json\/wp\/v2\/pages"}],"about":[{"href":"https:\/\/www.fsgctopeka.com\/es\/wp-json\/wp\/v2\/types\/page"}],"author":[{"embeddable":true,"href":"https:\/\/www.fsgctopeka.com\/es\/wp-json\/wp\/v2\/users\/3"}],"replies":[{"embeddable":true,"href":"https:\/\/www.fsgctopeka.com\/es\/wp-json\/wp\/v2\/comments?post=3387"}],"version-history":[{"count":0,"href":"https:\/\/www.fsgctopeka.com\/es\/wp-json\/wp\/v2\/pages\/3387\/revisions"}],"wp:attachment":[{"href":"https:\/\/www.fsgctopeka.com\/es\/wp-json\/wp\/v2\/media?parent=3387"}],"curies":[{"name":"wp","href":"https:\/\/api.w.org\/{rel}","templated":true}]}}